{"id":3389,"date":"2024-10-08T17:57:01","date_gmt":"2024-10-08T16:57:01","guid":{"rendered":"https:\/\/www.quintadovalegolf.com\/practice-facilities\/"},"modified":"2025-10-17T14:57:29","modified_gmt":"2025-10-17T13:57:29","slug":"area-de-treino","status":"publish","type":"page","link":"https:\/\/www.quintadovalegolf.com\/pt-pt\/area-de-treino\/","title":{"rendered":"\u00c1rea de Treino"},"content":{"rendered":"\t\t<div data-elementor-type=\"wp-page\" data-elementor-id=\"3389\" class=\"elementor elementor-3389 elementor-103\" data-elementor-post-type=\"page\">\n\t\t\t\t\t\t<section class=\"elementor-section elementor-top-section elementor-element elementor-element-557fd33 elementor-section-height-min-height elementor-section-items-top elementor-section-boxed elementor-section-height-default\" data-id=\"557fd33\" data-element_type=\"section\" data-settings=\"{&quot;background_background&quot;:&quot;classic&quot;}\">\n\t\t\t\t\t\t<div class=\"elementor-container elementor-column-gap-default\">\n\t\t\t\t\t<div class=\"elementor-column elementor-col-100 elementor-top-column elementor-element elementor-element-8272c7d animated-slow elementor-invisible\" data-id=\"8272c7d\" data-element_type=\"column\" data-settings=\"{&quot;animation&quot;:&quot;fadeInUp&quot;}\">\n\t\t\t<div class=\"elementor-widget-wrap elementor-element-populated\">\n\t\t\t\t\t\t<div class=\"elementor-element elementor-element-83d62c4 elementor-widget elementor-widget-image\" data-id=\"83d62c4\" data-element_type=\"widget\" data-widget_type=\"image.default\">\n\t\t\t\t<div class=\"elementor-widget-container\">\n\t\t\t\t\t\t\t\t\t\t\t\t\t\t\t\t<a href=\"https:\/\/www.quintadovalegolf.com\/pt-pt\/\">\n\t\t\t\t\t\t\t<img fetchpriority=\"high\" decoding=\"async\" width=\"341\" height=\"563\" src=\"https:\/\/www.quintadovalegolf.com\/wp-content\/uploads\/2024\/12\/logotipo_cores.svg\" class=\"attachment-full size-full wp-image-3105\" alt=\"\" \/>\t\t\t\t\t\t\t\t<\/a>\n\t\t\t\t\t\t\t\t\t\t\t\t\t\t\t<\/div>\n\t\t\t\t<\/div>\n\t\t\t\t<div class=\"elementor-element elementor-element-19731e8 elementor-widget elementor-widget-heading\" data-id=\"19731e8\" data-element_type=\"widget\" data-widget_type=\"heading.default\">\n\t\t\t\t<div class=\"elementor-widget-container\">\n\t\t\t\t\t<h2 class=\"elementor-heading-title elementor-size-default\">Instala\u00e7\u00f5es<\/h2>\t\t\t\t<\/div>\n\t\t\t\t<\/div>\n\t\t\t\t<div class=\"elementor-element elementor-element-c46a9f5 elementor-widget elementor-widget-heading\" data-id=\"c46a9f5\" data-element_type=\"widget\" data-widget_type=\"heading.default\">\n\t\t\t\t<div class=\"elementor-widget-container\">\n\t\t\t\t\t<h2 class=\"elementor-heading-title elementor-size-default\">Desenvolva as suas habilidades com equipamentos e instala\u00e7\u00f5es de alta qualidade.<\/h2>\t\t\t\t<\/div>\n\t\t\t\t<\/div>\n\t\t\t\t\t<\/div>\n\t\t<\/div>\n\t\t\t\t\t<\/div>\n\t\t<\/section>\n\t\t\t\t<section class=\"elementor-section elementor-top-section elementor-element elementor-element-8c8ebd0 elementor-section-full_width elementor-reverse-mobile elementor-section-height-default elementor-section-height-default\" data-id=\"8c8ebd0\" data-element_type=\"section\" data-settings=\"{&quot;background_background&quot;:&quot;classic&quot;}\">\n\t\t\t\t\t\t<div class=\"elementor-container elementor-column-gap-default\">\n\t\t\t\t\t<div class=\"elementor-column elementor-col-50 elementor-top-column elementor-element elementor-element-121bd94\" data-id=\"121bd94\" data-element_type=\"column\" data-settings=\"{&quot;background_background&quot;:&quot;classic&quot;}\">\n\t\t\t<div class=\"elementor-widget-wrap elementor-element-populated\">\n\t\t\t\t\t\t<div class=\"elementor-element elementor-element-240c816 animated-slow elementor-invisible elementor-widget elementor-widget-image\" data-id=\"240c816\" data-element_type=\"widget\" data-settings=\"{&quot;_animation&quot;:&quot;fadeInLeft&quot;,&quot;_animation_mobile&quot;:&quot;fadeInUp&quot;}\" data-widget_type=\"image.default\">\n\t\t\t\t<div class=\"elementor-widget-container\">\n\t\t\t\t\t\t\t\t\t\t\t\t\t\t\t<img decoding=\"async\" width=\"960\" height=\"1080\" src=\"https:\/\/www.quintadovalegolf.com\/wp-content\/uploads\/2024\/10\/Quinta_do_Vale_Academy_Course.jpg\" class=\"attachment-full size-full wp-image-491\" alt=\"\" srcset=\"https:\/\/www.quintadovalegolf.com\/wp-content\/uploads\/2024\/10\/Quinta_do_Vale_Academy_Course.jpg 960w, https:\/\/www.quintadovalegolf.com\/wp-content\/uploads\/2024\/10\/Quinta_do_Vale_Academy_Course-267x300.jpg 267w, https:\/\/www.quintadovalegolf.com\/wp-content\/uploads\/2024\/10\/Quinta_do_Vale_Academy_Course-910x1024.jpg 910w, https:\/\/www.quintadovalegolf.com\/wp-content\/uploads\/2024\/10\/Quinta_do_Vale_Academy_Course-768x864.jpg 768w\" sizes=\"(max-width: 960px) 100vw, 960px\" \/>\t\t\t\t\t\t\t\t\t\t\t\t\t\t\t<\/div>\n\t\t\t\t<\/div>\n\t\t\t\t\t<\/div>\n\t\t<\/div>\n\t\t\t\t<div class=\"elementor-column elementor-col-50 elementor-top-column elementor-element elementor-element-2b834fc animated-slow elementor-invisible\" data-id=\"2b834fc\" data-element_type=\"column\" data-settings=\"{&quot;background_background&quot;:&quot;classic&quot;,&quot;animation&quot;:&quot;fadeInRight&quot;,&quot;animation_mobile&quot;:&quot;fadeInUp&quot;}\">\n\t\t\t<div class=\"elementor-widget-wrap elementor-element-populated\">\n\t\t\t\t\t\t<section class=\"elementor-section elementor-inner-section elementor-element elementor-element-986d86c elementor-section-boxed elementor-section-height-default elementor-section-height-default\" data-id=\"986d86c\" data-element_type=\"section\">\n\t\t\t\t\t\t<div class=\"elementor-container elementor-column-gap-default\">\n\t\t\t\t\t<div class=\"elementor-column elementor-col-100 elementor-inner-column elementor-element elementor-element-f06c09b\" data-id=\"f06c09b\" data-element_type=\"column\">\n\t\t\t<div class=\"elementor-widget-wrap elementor-element-populated\">\n\t\t\t\t\t\t<div class=\"elementor-element elementor-element-c9cedb9 elementor-widget elementor-widget-heading\" data-id=\"c9cedb9\" data-element_type=\"widget\" data-widget_type=\"heading.default\">\n\t\t\t\t<div class=\"elementor-widget-container\">\n\t\t\t\t\t<h2 class=\"elementor-heading-title elementor-size-default\">Academy Course<\/h2>\t\t\t\t<\/div>\n\t\t\t\t<\/div>\n\t\t\t\t<div class=\"elementor-element elementor-element-effbac4 elementor-widget elementor-widget-text-editor\" data-id=\"effbac4\" data-element_type=\"widget\" data-widget_type=\"text-editor.default\">\n\t\t\t\t<div class=\"elementor-widget-container\">\n\t\t\t\t\t\t\t\t\t<p><span style=\"font-weight: 400;\">Este \u00e9 o mais recente espa\u00e7o das nossas instala\u00e7\u00f5es, perfeito para melhorar as suas habilidades no jogo curto, oferecendo o cen\u00e1rio ideal para pr\u00e1tica e desenvolvimento.<\/span><\/p><p><span style=\"font-weight: 400;\">Seja para jogadores profissionais ou grupos de entusiastas do golfe, o nosso campo oferece um ambiente \u00fanico para aprendizagem e divers\u00e3o.<\/span><\/p><p><span style=\"font-weight: 400;\">O novo <\/span><b>Academy Course<\/b><span style=\"font-weight: 400;\"> foi criado para o ajudar a alcan\u00e7ar os seus objetivos.<\/span><\/p>\t\t\t\t\t\t\t\t<\/div>\n\t\t\t\t<\/div>\n\t\t\t\t<div class=\"elementor-element elementor-element-2c71329 elementor-align-center elementor-mobile-align-justify elementor-widget elementor-widget-button\" data-id=\"2c71329\" data-element_type=\"widget\" data-widget_type=\"button.default\">\n\t\t\t\t<div class=\"elementor-widget-container\">\n\t\t\t\t\t\t\t\t\t<div class=\"elementor-button-wrapper\">\n\t\t\t\t\t<a class=\"elementor-button elementor-button-link elementor-size-sm\" href=\"https:\/\/www.quintadovalegolf.com\/wp-content\/uploads\/2025\/10\/QdV_score_card_academy_web_OUT25.pdf\" target=\"_blank\">\n\t\t\t\t\t\t<span class=\"elementor-button-content-wrapper\">\n\t\t\t\t\t\t\t\t\t<span class=\"elementor-button-text\">Score card<\/span>\n\t\t\t\t\t<\/span>\n\t\t\t\t\t<\/a>\n\t\t\t\t<\/div>\n\t\t\t\t\t\t\t\t<\/div>\n\t\t\t\t<\/div>\n\t\t\t\t<div class=\"elementor-element elementor-element-4c599fd elementor-align-center elementor-mobile-align-justify elementor-widget elementor-widget-button\" data-id=\"4c599fd\" data-element_type=\"widget\" data-widget_type=\"button.default\">\n\t\t\t\t<div class=\"elementor-widget-container\">\n\t\t\t\t\t\t\t\t\t<div class=\"elementor-button-wrapper\">\n\t\t\t\t\t<a class=\"elementor-button elementor-button-link elementor-size-sm\" href=\"https:\/\/www.quintadovalegolf.com\/wp-content\/uploads\/2025\/10\/QdV_score_card_academy_mapa-1.pdf\" target=\"_blank\">\n\t\t\t\t\t\t<span class=\"elementor-button-content-wrapper\">\n\t\t\t\t\t\t\t\t\t<span class=\"elementor-button-text\">Mapa<\/span>\n\t\t\t\t\t<\/span>\n\t\t\t\t\t<\/a>\n\t\t\t\t<\/div>\n\t\t\t\t\t\t\t\t<\/div>\n\t\t\t\t<\/div>\n\t\t\t\t\t<\/div>\n\t\t<\/div>\n\t\t\t\t\t<\/div>\n\t\t<\/section>\n\t\t\t\t\t<\/div>\n\t\t<\/div>\n\t\t\t\t\t<\/div>\n\t\t<\/section>\n\t\t\t\t<section class=\"elementor-section elementor-top-section elementor-element elementor-element-ea82d54 elementor-section-full_width elementor-section-height-default elementor-section-height-default\" data-id=\"ea82d54\" data-element_type=\"section\" data-settings=\"{&quot;background_background&quot;:&quot;classic&quot;}\">\n\t\t\t\t\t\t<div class=\"elementor-container elementor-column-gap-default\">\n\t\t\t\t\t<div class=\"elementor-column elementor-col-50 elementor-top-column elementor-element elementor-element-e2dfccd animated-slow elementor-invisible\" data-id=\"e2dfccd\" data-element_type=\"column\" data-settings=\"{&quot;background_background&quot;:&quot;classic&quot;,&quot;animation&quot;:&quot;fadeInLeft&quot;,&quot;animation_mobile&quot;:&quot;fadeInUp&quot;}\">\n\t\t\t<div class=\"elementor-widget-wrap elementor-element-populated\">\n\t\t\t\t\t\t<section class=\"elementor-section elementor-inner-section elementor-element elementor-element-4cf9361 elementor-section-boxed elementor-section-height-default elementor-section-height-default\" data-id=\"4cf9361\" data-element_type=\"section\">\n\t\t\t\t\t\t<div class=\"elementor-container elementor-column-gap-default\">\n\t\t\t\t\t<div class=\"elementor-column elementor-col-100 elementor-inner-column elementor-element elementor-element-d682fdf\" data-id=\"d682fdf\" data-element_type=\"column\">\n\t\t\t<div class=\"elementor-widget-wrap elementor-element-populated\">\n\t\t\t\t\t\t<div class=\"elementor-element elementor-element-c7c358a elementor-widget elementor-widget-heading\" data-id=\"c7c358a\" data-element_type=\"widget\" data-widget_type=\"heading.default\">\n\t\t\t\t<div class=\"elementor-widget-container\">\n\t\t\t\t\t<h2 class=\"elementor-heading-title elementor-size-default\">Driving Range<\/h2>\t\t\t\t<\/div>\n\t\t\t\t<\/div>\n\t\t\t\t<div class=\"elementor-element elementor-element-d9ef25b elementor-widget elementor-widget-text-editor\" data-id=\"d9ef25b\" data-element_type=\"widget\" data-widget_type=\"text-editor.default\">\n\t\t\t\t<div class=\"elementor-widget-container\">\n\t\t\t\t\t\t\t\t\t<p><span style=\"font-weight: 400;\">O <\/span><b>driving range<\/b><span style=\"font-weight: 400;\">, com 26.788 m\u00b2, est\u00e1 dividido em duas zonas: o lado sul, com capacidade para 30 jogadores, e o lado norte, que disp\u00f5e de espa\u00e7o para at\u00e9 65 jogadores. Inclui um chipping green com bunker adjacente e um putting green pr\u00f3ximo da \u00e1rea norte. Al\u00e9m disso, existe outro putting green junto ao 1\u00ba tee.<\/span><\/p>\t\t\t\t\t\t\t\t<\/div>\n\t\t\t\t<\/div>\n\t\t\t\t\t<\/div>\n\t\t<\/div>\n\t\t\t\t\t<\/div>\n\t\t<\/section>\n\t\t\t\t\t<\/div>\n\t\t<\/div>\n\t\t\t\t<div class=\"elementor-column elementor-col-50 elementor-top-column elementor-element elementor-element-f836576\" data-id=\"f836576\" data-element_type=\"column\" data-settings=\"{&quot;background_background&quot;:&quot;classic&quot;}\">\n\t\t\t<div class=\"elementor-widget-wrap elementor-element-populated\">\n\t\t\t\t\t\t<div class=\"elementor-element elementor-element-76dbbac animated-slow elementor-invisible elementor-widget elementor-widget-image\" data-id=\"76dbbac\" data-element_type=\"widget\" data-settings=\"{&quot;_animation&quot;:&quot;fadeInRight&quot;,&quot;_animation_mobile&quot;:&quot;fadeInUp&quot;}\" data-widget_type=\"image.default\">\n\t\t\t\t<div class=\"elementor-widget-container\">\n\t\t\t\t\t\t\t\t\t\t\t\t\t\t\t<img decoding=\"async\" width=\"960\" height=\"1080\" src=\"https:\/\/www.quintadovalegolf.com\/wp-content\/uploads\/2024\/11\/Quinta_da_Ria_Driving_Range.jpg\" class=\"attachment-full size-full wp-image-2858\" alt=\"\" srcset=\"https:\/\/www.quintadovalegolf.com\/wp-content\/uploads\/2024\/11\/Quinta_da_Ria_Driving_Range.jpg 960w, https:\/\/www.quintadovalegolf.com\/wp-content\/uploads\/2024\/11\/Quinta_da_Ria_Driving_Range-267x300.jpg 267w, https:\/\/www.quintadovalegolf.com\/wp-content\/uploads\/2024\/11\/Quinta_da_Ria_Driving_Range-910x1024.jpg 910w, https:\/\/www.quintadovalegolf.com\/wp-content\/uploads\/2024\/11\/Quinta_da_Ria_Driving_Range-768x864.jpg 768w\" sizes=\"(max-width: 960px) 100vw, 960px\" \/>\t\t\t\t\t\t\t\t\t\t\t\t\t\t\t<\/div>\n\t\t\t\t<\/div>\n\t\t\t\t\t<\/div>\n\t\t<\/div>\n\t\t\t\t\t<\/div>\n\t\t<\/section>\n\t\t\t\t<section class=\"elementor-section elementor-top-section elementor-element elementor-element-3019547 elementor-section-full_width elementor-reverse-mobile elementor-section-height-default elementor-section-height-default\" data-id=\"3019547\" data-element_type=\"section\" data-settings=\"{&quot;background_background&quot;:&quot;classic&quot;}\">\n\t\t\t\t\t\t<div class=\"elementor-container elementor-column-gap-default\">\n\t\t\t\t\t<div class=\"elementor-column elementor-col-50 elementor-top-column elementor-element elementor-element-b0467f4\" data-id=\"b0467f4\" data-element_type=\"column\" data-settings=\"{&quot;background_background&quot;:&quot;classic&quot;}\">\n\t\t\t<div class=\"elementor-widget-wrap elementor-element-populated\">\n\t\t\t\t\t\t<div class=\"elementor-element elementor-element-8e86881 animated-slow elementor-invisible elementor-widget elementor-widget-image\" data-id=\"8e86881\" data-element_type=\"widget\" data-settings=\"{&quot;_animation&quot;:&quot;fadeInLeft&quot;,&quot;_animation_mobile&quot;:&quot;fadeInUp&quot;}\" data-widget_type=\"image.default\">\n\t\t\t\t<div class=\"elementor-widget-container\">\n\t\t\t\t\t\t\t\t\t\t\t\t\t\t\t<img loading=\"lazy\" decoding=\"async\" width=\"960\" height=\"1080\" src=\"https:\/\/www.quintadovalegolf.com\/wp-content\/uploads\/2024\/10\/Quinta_do_Vale_Putting_Greens.jpg\" class=\"attachment-full size-full wp-image-494\" alt=\"\" srcset=\"https:\/\/www.quintadovalegolf.com\/wp-content\/uploads\/2024\/10\/Quinta_do_Vale_Putting_Greens.jpg 960w, https:\/\/www.quintadovalegolf.com\/wp-content\/uploads\/2024\/10\/Quinta_do_Vale_Putting_Greens-267x300.jpg 267w, https:\/\/www.quintadovalegolf.com\/wp-content\/uploads\/2024\/10\/Quinta_do_Vale_Putting_Greens-910x1024.jpg 910w, https:\/\/www.quintadovalegolf.com\/wp-content\/uploads\/2024\/10\/Quinta_do_Vale_Putting_Greens-768x864.jpg 768w\" sizes=\"(max-width: 960px) 100vw, 960px\" \/>\t\t\t\t\t\t\t\t\t\t\t\t\t\t\t<\/div>\n\t\t\t\t<\/div>\n\t\t\t\t\t<\/div>\n\t\t<\/div>\n\t\t\t\t<div class=\"elementor-column elementor-col-50 elementor-top-column elementor-element elementor-element-17cd845 animated-slow elementor-invisible\" data-id=\"17cd845\" data-element_type=\"column\" data-settings=\"{&quot;background_background&quot;:&quot;classic&quot;,&quot;animation&quot;:&quot;fadeInRight&quot;,&quot;animation_mobile&quot;:&quot;fadeInUp&quot;}\">\n\t\t\t<div class=\"elementor-widget-wrap elementor-element-populated\">\n\t\t\t\t\t\t<section class=\"elementor-section elementor-inner-section elementor-element elementor-element-95e279a elementor-section-boxed elementor-section-height-default elementor-section-height-default\" data-id=\"95e279a\" data-element_type=\"section\">\n\t\t\t\t\t\t<div class=\"elementor-container elementor-column-gap-default\">\n\t\t\t\t\t<div class=\"elementor-column elementor-col-100 elementor-inner-column elementor-element elementor-element-275fa1f\" data-id=\"275fa1f\" data-element_type=\"column\">\n\t\t\t<div class=\"elementor-widget-wrap elementor-element-populated\">\n\t\t\t\t\t\t<div class=\"elementor-element elementor-element-0be11f7 elementor-widget elementor-widget-heading\" data-id=\"0be11f7\" data-element_type=\"widget\" data-widget_type=\"heading.default\">\n\t\t\t\t<div class=\"elementor-widget-container\">\n\t\t\t\t\t<h2 class=\"elementor-heading-title elementor-size-default\">\u00c1reas de Jogo Curto<\/h2>\t\t\t\t<\/div>\n\t\t\t\t<\/div>\n\t\t\t\t<div class=\"elementor-element elementor-element-b4e0c13 elementor-widget elementor-widget-text-editor\" data-id=\"b4e0c13\" data-element_type=\"widget\" data-widget_type=\"text-editor.default\">\n\t\t\t\t<div class=\"elementor-widget-container\">\n\t\t\t\t\t\t\t\t\t<p><span style=\"font-weight: 400;\">Durante a \u00e9poca alta de golfe, o campo de treino transforma-se em sete \u00e1reas exclusivas para ensino de jogo curto, ideais para aulas em grupo. Inclui v\u00e1rias zonas de chipping e pitching e dois grandes greens de putting.<\/span><\/p>\t\t\t\t\t\t\t\t<\/div>\n\t\t\t\t<\/div>\n\t\t\t\t\t<\/div>\n\t\t<\/div>\n\t\t\t\t\t<\/div>\n\t\t<\/section>\n\t\t\t\t\t<\/div>\n\t\t<\/div>\n\t\t\t\t\t<\/div>\n\t\t<\/section>\n\t\t\t\t<\/div>\n\t\t","protected":false},"excerpt":{"rendered":"<p>Instala\u00e7\u00f5es Desenvolva as suas habilidades com equipamentos e instala\u00e7\u00f5es de alta qualidade. Academy Course Este \u00e9 o mais recente espa\u00e7o das nossas instala\u00e7\u00f5es, perfeito para melhorar as suas habilidades no jogo curto, oferecendo o cen\u00e1rio ideal para pr\u00e1tica e desenvolvimento. Seja para jogadores profissionais ou grupos de entusiastas do golfe, o nosso campo oferece um&hellip;<\/p>\n","protected":false},"author":3,"featured_media":0,"parent":0,"menu_order":0,"comment_status":"closed","ping_status":"closed","template":"elementor_header_footer","meta":{"inline_featured_image":false,"footnotes":""},"class_list":["post-3389","page","type-page","status-publish","hentry"],"_links":{"self":[{"href":"https:\/\/www.quintadovalegolf.com\/pt-pt\/wp-json\/wp\/v2\/pages\/3389","targetHints":{"allow":["GET"]}}],"collection":[{"href":"https:\/\/www.quintadovalegolf.com\/pt-pt\/wp-json\/wp\/v2\/pages"}],"about":[{"href":"https:\/\/www.quintadovalegolf.com\/pt-pt\/wp-json\/wp\/v2\/types\/page"}],"author":[{"embeddable":true,"href":"https:\/\/www.quintadovalegolf.com\/pt-pt\/wp-json\/wp\/v2\/users\/3"}],"replies":[{"embeddable":true,"href":"https:\/\/www.quintadovalegolf.com\/pt-pt\/wp-json\/wp\/v2\/comments?post=3389"}],"version-history":[{"count":20,"href":"https:\/\/www.quintadovalegolf.com\/pt-pt\/wp-json\/wp\/v2\/pages\/3389\/revisions"}],"predecessor-version":[{"id":3871,"href":"https:\/\/www.quintadovalegolf.com\/pt-pt\/wp-json\/wp\/v2\/pages\/3389\/revisions\/3871"}],"wp:attachment":[{"href":"https:\/\/www.quintadovalegolf.com\/pt-pt\/wp-json\/wp\/v2\/media?parent=3389"}],"curies":[{"name":"wp","href":"https:\/\/api.w.org\/{rel}","templated":true}]}}