{"id":3401,"date":"2024-10-08T17:58:01","date_gmt":"2024-10-08T16:58:01","guid":{"rendered":"https:\/\/www.quintadovalegolf.com\/special-offers\/"},"modified":"2026-04-01T10:08:42","modified_gmt":"2026-04-01T09:08:42","slug":"special-offers","status":"publish","type":"page","link":"https:\/\/www.quintadovalegolf.com\/pt-pt\/special-offers\/","title":{"rendered":"Special Offers"},"content":{"rendered":"\t\t<div data-elementor-type=\"wp-page\" data-elementor-id=\"3401\" class=\"elementor elementor-3401 elementor-107\" data-elementor-post-type=\"page\">\n\t\t\t\t\t\t<section class=\"elementor-section elementor-top-section elementor-element elementor-element-a7881bb elementor-section-height-min-height elementor-section-items-top elementor-section-boxed elementor-section-height-default\" data-id=\"a7881bb\" data-element_type=\"section\" data-settings=\"{&quot;background_background&quot;:&quot;classic&quot;}\">\n\t\t\t\t\t\t<div class=\"elementor-container elementor-column-gap-default\">\n\t\t\t\t\t<div class=\"elementor-column elementor-col-100 elementor-top-column elementor-element elementor-element-fb9144b animated-slow elementor-invisible\" data-id=\"fb9144b\" data-element_type=\"column\" data-settings=\"{&quot;animation&quot;:&quot;fadeInUp&quot;}\">\n\t\t\t<div class=\"elementor-widget-wrap elementor-element-populated\">\n\t\t\t\t\t\t<div class=\"elementor-element elementor-element-86da07e elementor-widget elementor-widget-image\" data-id=\"86da07e\" data-element_type=\"widget\" data-widget_type=\"image.default\">\n\t\t\t\t<div class=\"elementor-widget-container\">\n\t\t\t\t\t\t\t\t\t\t\t\t\t\t\t\t<a href=\"https:\/\/www.quintadovalegolf.com\/pt-pt\/\">\n\t\t\t\t\t\t\t<img fetchpriority=\"high\" decoding=\"async\" width=\"341\" height=\"563\" src=\"https:\/\/www.quintadovalegolf.com\/wp-content\/uploads\/2024\/12\/logotipo_cores.svg\" class=\"attachment-full size-full wp-image-3105\" alt=\"\" \/>\t\t\t\t\t\t\t\t<\/a>\n\t\t\t\t\t\t\t\t\t\t\t\t\t\t\t<\/div>\n\t\t\t\t<\/div>\n\t\t\t\t<div class=\"elementor-element elementor-element-def58a5 elementor-widget elementor-widget-heading\" data-id=\"def58a5\" data-element_type=\"widget\" data-widget_type=\"heading.default\">\n\t\t\t\t<div class=\"elementor-widget-container\">\n\t\t\t\t\t<h2 class=\"elementor-heading-title elementor-size-default\">Ofertas Especiais<\/h2>\t\t\t\t<\/div>\n\t\t\t\t<\/div>\n\t\t\t\t<div class=\"elementor-element elementor-element-ddc8c61 elementor-widget elementor-widget-heading\" data-id=\"ddc8c61\" data-element_type=\"widget\" data-widget_type=\"heading.default\">\n\t\t\t\t<div class=\"elementor-widget-container\">\n\t\t\t\t\t<h2 class=\"elementor-heading-title elementor-size-default\">Aproveite as nossas ofertas especiais e tenha uma experi\u00eancia inesquec\u00edvel.<\/h2>\t\t\t\t<\/div>\n\t\t\t\t<\/div>\n\t\t\t\t\t<\/div>\n\t\t<\/div>\n\t\t\t\t\t<\/div>\n\t\t<\/section>\n\t\t\t\t<section class=\"elementor-section elementor-top-section elementor-element elementor-element-8be894f elementor-section-full_width elementor-reverse-mobile elementor-section-height-default elementor-section-height-default\" data-id=\"8be894f\" data-element_type=\"section\" id=\"club-rental\" data-settings=\"{&quot;background_background&quot;:&quot;classic&quot;}\">\n\t\t\t\t\t\t<div class=\"elementor-container elementor-column-gap-default\">\n\t\t\t\t\t<div class=\"elementor-column elementor-col-50 elementor-top-column elementor-element elementor-element-3bebc73\" data-id=\"3bebc73\" data-element_type=\"column\" data-settings=\"{&quot;background_background&quot;:&quot;classic&quot;}\">\n\t\t\t<div class=\"elementor-widget-wrap elementor-element-populated\">\n\t\t\t\t\t\t<div class=\"elementor-element elementor-element-48e269f animated-slow elementor-invisible elementor-widget elementor-widget-image\" data-id=\"48e269f\" data-element_type=\"widget\" data-settings=\"{&quot;_animation&quot;:&quot;fadeInLeft&quot;,&quot;_animation_mobile&quot;:&quot;fadeInUp&quot;}\" data-widget_type=\"image.default\">\n\t\t\t\t<div class=\"elementor-widget-container\">\n\t\t\t\t\t\t\t\t\t\t\t\t\t\t\t<img decoding=\"async\" width=\"960\" height=\"900\" src=\"https:\/\/www.quintadovalegolf.com\/wp-content\/uploads\/2024\/11\/Quinta_do_Vale_Low_Season_Package.jpg\" class=\"attachment-full size-full wp-image-2875\" alt=\"\" srcset=\"https:\/\/www.quintadovalegolf.com\/wp-content\/uploads\/2024\/11\/Quinta_do_Vale_Low_Season_Package.jpg 960w, https:\/\/www.quintadovalegolf.com\/wp-content\/uploads\/2024\/11\/Quinta_do_Vale_Low_Season_Package-300x281.jpg 300w, https:\/\/www.quintadovalegolf.com\/wp-content\/uploads\/2024\/11\/Quinta_do_Vale_Low_Season_Package-768x720.jpg 768w\" sizes=\"(max-width: 960px) 100vw, 960px\" \/>\t\t\t\t\t\t\t\t\t\t\t\t\t\t\t<\/div>\n\t\t\t\t<\/div>\n\t\t\t\t\t<\/div>\n\t\t<\/div>\n\t\t\t\t<div class=\"elementor-column elementor-col-50 elementor-top-column elementor-element elementor-element-9e5f13d animated-slow elementor-invisible\" data-id=\"9e5f13d\" data-element_type=\"column\" data-settings=\"{&quot;background_background&quot;:&quot;classic&quot;,&quot;animation&quot;:&quot;fadeInRight&quot;,&quot;animation_mobile&quot;:&quot;fadeInUp&quot;}\">\n\t\t\t<div class=\"elementor-widget-wrap elementor-element-populated\">\n\t\t\t\t\t\t<section class=\"elementor-section elementor-inner-section elementor-element elementor-element-573b810 elementor-section-boxed elementor-section-height-default elementor-section-height-default\" data-id=\"573b810\" data-element_type=\"section\">\n\t\t\t\t\t\t<div class=\"elementor-container elementor-column-gap-default\">\n\t\t\t\t\t<div class=\"elementor-column elementor-col-100 elementor-inner-column elementor-element elementor-element-4e230d0 animated-slow\" data-id=\"4e230d0\" data-element_type=\"column\" data-settings=\"{&quot;animation&quot;:&quot;none&quot;,&quot;animation_mobile&quot;:&quot;none&quot;}\">\n\t\t\t<div class=\"elementor-widget-wrap elementor-element-populated\">\n\t\t\t\t\t\t<div class=\"elementor-element elementor-element-596d2e8 elementor-widget elementor-widget-heading\" data-id=\"596d2e8\" data-element_type=\"widget\" data-widget_type=\"heading.default\">\n\t\t\t\t<div class=\"elementor-widget-container\">\n\t\t\t\t\t<h2 class=\"elementor-heading-title elementor-size-default\">Oferta Especial<\/h2>\t\t\t\t<\/div>\n\t\t\t\t<\/div>\n\t\t\t\t<div class=\"elementor-element elementor-element-b4b7174 elementor-widget elementor-widget-text-editor\" data-id=\"b4b7174\" data-element_type=\"widget\" data-widget_type=\"text-editor.default\">\n\t\t\t\t<div class=\"elementor-widget-container\">\n\t\t\t\t\t\t\t\t\t<p><span data-olk-copy-source=\"MessageBody\">1 jogador com buggy por apenas <strong>130\u20ac<\/strong><\/span><\/p><p><span data-olk-copy-source=\"MessageBody\">2 jogadores com buggy partilhado por apenas <strong>225\u20ac<\/strong><\/span><\/p><p>Oferta especial para grupos a partir de 8 pessoas por <strong>85\u20ac (pre\u00e7o por pessoa)<\/strong><\/p><p><span data-olk-copy-source=\"MessageBody\">Oferta v\u00e1lida at\u00e9 31.05.2026<\/span><\/p>\t\t\t\t\t\t\t\t<\/div>\n\t\t\t\t<\/div>\n\t\t\t\t<div class=\"elementor-element elementor-element-4d7c3d4 elementor-align-center elementor-mobile-align-justify elementor-widget elementor-widget-button\" data-id=\"4d7c3d4\" data-element_type=\"widget\" data-widget_type=\"button.default\">\n\t\t\t\t<div class=\"elementor-widget-container\">\n\t\t\t\t\t\t\t\t\t<div class=\"elementor-button-wrapper\">\n\t\t\t\t\t<a class=\"elementor-button elementor-button-link elementor-size-sm\" href=\"mailto:info@quintadovalegolf.com\">\n\t\t\t\t\t\t<span class=\"elementor-button-content-wrapper\">\n\t\t\t\t\t\t\t\t\t<span class=\"elementor-button-text\">Reserve j\u00e1<\/span>\n\t\t\t\t\t<\/span>\n\t\t\t\t\t<\/a>\n\t\t\t\t<\/div>\n\t\t\t\t\t\t\t\t<\/div>\n\t\t\t\t<\/div>\n\t\t\t\t\t<\/div>\n\t\t<\/div>\n\t\t\t\t\t<\/div>\n\t\t<\/section>\n\t\t\t\t\t<\/div>\n\t\t<\/div>\n\t\t\t\t\t<\/div>\n\t\t<\/section>\n\t\t\t\t<\/div>\n\t\t","protected":false},"excerpt":{"rendered":"<p>Ofertas Especiais Aproveite as nossas ofertas especiais e tenha uma experi\u00eancia inesquec\u00edvel. Oferta Especial 1 jogador com buggy por apenas 130\u20ac 2 jogadores com buggy partilhado por apenas 225\u20ac Oferta especial para grupos a partir de 8 pessoas por 85\u20ac (pre\u00e7o por pessoa) Oferta v\u00e1lida at\u00e9 31.05.2026 Reserve j\u00e1<\/p>\n","protected":false},"author":3,"featured_media":0,"parent":0,"menu_order":0,"comment_status":"closed","ping_status":"closed","template":"elementor_header_footer","meta":{"inline_featured_image":false,"footnotes":""},"class_list":["post-3401","page","type-page","status-publish","hentry"],"_links":{"self":[{"href":"https:\/\/www.quintadovalegolf.com\/pt-pt\/wp-json\/wp\/v2\/pages\/3401","targetHints":{"allow":["GET"]}}],"collection":[{"href":"https:\/\/www.quintadovalegolf.com\/pt-pt\/wp-json\/wp\/v2\/pages"}],"about":[{"href":"https:\/\/www.quintadovalegolf.com\/pt-pt\/wp-json\/wp\/v2\/types\/page"}],"author":[{"embeddable":true,"href":"https:\/\/www.quintadovalegolf.com\/pt-pt\/wp-json\/wp\/v2\/users\/3"}],"replies":[{"embeddable":true,"href":"https:\/\/www.quintadovalegolf.com\/pt-pt\/wp-json\/wp\/v2\/comments?post=3401"}],"version-history":[{"count":25,"href":"https:\/\/www.quintadovalegolf.com\/pt-pt\/wp-json\/wp\/v2\/pages\/3401\/revisions"}],"predecessor-version":[{"id":3945,"href":"https:\/\/www.quintadovalegolf.com\/pt-pt\/wp-json\/wp\/v2\/pages\/3401\/revisions\/3945"}],"wp:attachment":[{"href":"https:\/\/www.quintadovalegolf.com\/pt-pt\/wp-json\/wp\/v2\/media?parent=3401"}],"curies":[{"name":"wp","href":"https:\/\/api.w.org\/{rel}","templated":true}]}}